{"id":3162,"date":"2020-07-29T10:28:09","date_gmt":"2020-07-29T10:28:09","guid":{"rendered":"https:\/\/demo.creativethemes.com\/blocksy\/blog\/?page_id=3162"},"modified":"2023-06-04T10:35:58","modified_gmt":"2023-06-04T08:35:58","slug":"kontakt","status":"publish","type":"page","link":"https:\/\/tymosia.cz\/holkazblazince\/kontakt\/","title":{"rendered":"Kontakt"},"content":{"rendered":"\n<div class=\"alignfull wp-block-ugb-header ugb-header ugb-c0e9881 ugb-header ugb-header--v3 ugb-header--design-plain ugb-main-block ugb--has-custom-content-width ugb-main-block--inner-wide ugb--has-block-background ugb--has-background-overlay\"><style>.ugb-c0e9881 .ugb-header__title{font-size:55px !important;font-weight:900 !important}.ugb-c0e9881.ugb-header{background-color:#ffffff;background-image:url(https:\/\/tymosia.cz\/holkazblazince\/wp-content\/uploads\/2021\/03\/candice-picard-5eAMAnzZmpc-unsplash-scaled.jpg)}.ugb-c0e9881.ugb-header > .ugb-inner-block{min-width:auto !important;max-width:750px !important}.ugb-c0e9881.ugb-header:before{background-color:#ffffff;opacity:0.7}@media screen and (max-width:1025px){.ugb-c0e9881 .ugb-header__title{font-size:40px !important}}@media screen and (min-width:768px) and (max-width:1025px){.ugb-c0e9881.ugb-header{padding-top:0px !important;padding-bottom:0px !important}}@media screen and (max-width:768px){.ugb-c0e9881.ugb-header{padding-top:0px !important;padding-bottom:0px !important}}<\/style><div class=\"ugb-inner-block ugb-inner-block--wide\"><div class=\"ugb-block-content\"><div class=\"ugb-header__item\"><div class=\"ugb-content-wrapper\"><h1 class=\"ugb-header__title\">\u0158ekn\u011bte Ahoj!<\/h1><p class=\"ugb-header__subtitle\">Napi\u0161te n\u00e1m. R\u00e1di si od v\u00e1s n\u011bco p\u0159e\u010dteme.<\/p><\/div><\/div><\/div><\/div><\/div>\n\n\n\n<div class=\"wp-block-ugb-feature-grid ugb-feature-grid ugb-aa46371 ugb-feature-grid--v2 ugb-feature-grid--columns-3 ugb-feature-grid--design-basic ugb-main-block\"><style>.ugb-aa46371 .ugb-feature-grid__item{background-color:#f8f9fb !important}.ugb-aa46371 .ugb-feature-grid__item:before{background-color:#f8f9fb !important}.ugb-aa46371 .ugb-img,.ugb-aa46371 .ugb-feature-grid__image{margin-left:auto !important;margin-right:auto !important}.ugb-aa46371 .ugb-feature-grid__title{text-align:center}.ugb-aa46371 .ugb-feature-grid__description{text-align:center}.ugb-aa46371 .ugb-inner-block{text-align:center}.ugb-aa46371 .ugb-block-description{max-width:600px !important;margin-left:auto !important;margin-right:auto !important}@media screen and (min-width:768px){.ugb-aa46371.ugb-feature-grid{margin-top:130px !important}}@media screen and (min-width:768px) and (max-width:1025px){.ugb-aa46371.ugb-feature-grid{margin-top:80px !important}}<\/style><div class=\"ugb-inner-block\"><h3 class=\"ugb-block-title ugb-block-title--with-subtitle\">Kontaktujte n\u00e1s<\/h3><p class=\"ugb-block-description\">R\u00e1di zodpov\u00edme va\u0161e ot\u00e1zky nebo si p\u0159e\u010dteme va\u0161e p\u0159\u00edb\u011bhy \u010di koment\u00e1\u0159e.<\/p><div class=\"ugb-block-content\"><div class=\"ugb-feature-grid__item ugb-feature-grid__item1 ugb--shadow-0\"><div class=\"ugb-feature-grid__image\"><img decoding=\"async\" class=\"ugb-img wp-image-3169\" src=\"https:\/\/tymosia.cz\/holkazblazince\/wp-content\/uploads\/2020\/07\/icon4.svg\" alt=\"Physical Address\"\/><\/div><div class=\"ugb-feature-grid__content\"><h5 class=\"ugb-feature-grid__title\">Soci\u00e1ln\u00ed s\u00edt\u011b<\/h5><p class=\"ugb-feature-grid__description\">Instagram: <a rel=\"noreferrer noopener\" href=\"https:\/\/www.instagram.com\/tymosia_official\/\" target=\"_blank\">@tymosia_official<\/a><br>                <a rel=\"noreferrer noopener\" href=\"https:\/\/www.instagram.com\/holkazblazince\/\" target=\"_blank\">@holkazblazince<\/a><br>Facebook: <a rel=\"noreferrer noopener\" href=\"https:\/\/www.facebook.com\/tymosia.official\/\" data-type=\"URL\" data-id=\"https:\/\/www.facebook.com\/tymosia.official\/\" target=\"_blank\">@tymosia.official<br><\/a>                 <a href=\"https:\/\/www.facebook.com\/holkazblazince\/\">@holkazblazince<\/a>&nbsp;<br><\/p><\/div><\/div><div class=\"ugb-feature-grid__item ugb-feature-grid__item2 ugb--shadow-0\"><div class=\"ugb-feature-grid__image\"><img decoding=\"async\" class=\"ugb-img wp-image-3168\" src=\"https:\/\/tymosia.cz\/holkazblazince\/wp-content\/uploads\/2020\/07\/icon5.svg\" alt=\"Email Address\"\/><\/div><div class=\"ugb-feature-grid__content\"><h5 class=\"ugb-feature-grid__title\">E-mail<\/h5><p class=\"ugb-feature-grid__description\"><a href=\"mailto:podpora@tymosia.cz\" target=\"_blank\" rel=\"noreferrer noopener\">podpora@tymosia.cz<\/a><\/p><\/div><\/div><div class=\"ugb-feature-grid__item ugb-feature-grid__item3 ugb--shadow-0\"><div class=\"ugb-feature-grid__image\"><img decoding=\"async\" class=\"ugb-img wp-image-3167\" src=\"https:\/\/tymosia.cz\/holkazblazince\/wp-content\/uploads\/2020\/07\/icon6.svg\" alt=\"Phone Number\"\/><\/div><div class=\"ugb-feature-grid__content\"><h5 class=\"ugb-feature-grid__title\">Telefon<\/h5><p class=\"ugb-feature-grid__description\"><a href=\"tel:+420720020297\">+420 <strong>720 02 02 97<\/strong><\/a><\/p><\/div><\/div><\/div><\/div><\/div>\n\n\n\n<div class=\"wp-block-ugb-columns ugb-columns ugb-fe5ce0c ugb-columns--design-plain ugb-columns--columns-2 ugb-main-block\"><style>.ugb-fe5ce0c-content-wrapper > .ugb-column{align-items:center !important}.ugb-fe5ce0c-content-wrapper > .ugb-column > .ugb-inner-block{height:auto !important}@media screen and (min-width:768px){.ugb-fe5ce0c.ugb-columns{margin-top:130px !important}}@media screen and (min-width:768px) and (max-width:1025px){.ugb-fe5ce0c.ugb-columns{margin-top:80px !important}}<\/style><div class=\"ugb-inner-block\"><div class=\"ugb-block-content\"><div class=\"ugb-columns__item ugb-fe5ce0c-content-wrapper\">\n<div class=\"wp-block-ugb-column ugb-column ugb-0f627c8 ugb-column--design-plain ugb-main-block\"><div class=\"ugb-inner-block\"><div class=\"ugb-block-content\"><div class=\"ugb-column__item ugb-0f627c8-column-wrapper\"><div class=\"ugb-column__content-wrapper\">\n<figure class=\"wp-block-image size-large\"><img loading=\"lazy\" decoding=\"async\" width=\"771\" height=\"1024\" src=\"https:\/\/tymosia.cz\/holkazblazince\/wp-content\/uploads\/2021\/03\/marcela-rogante-ohbfKsIEbJQ-unsplash-kopie-771x1024.jpg\" alt=\"\" class=\"wp-image-31\" srcset=\"https:\/\/tymosia.cz\/holkazblazince\/wp-content\/uploads\/2021\/03\/marcela-rogante-ohbfKsIEbJQ-unsplash-kopie-771x1024.jpg 771w, https:\/\/tymosia.cz\/holkazblazince\/wp-content\/uploads\/2021\/03\/marcela-rogante-ohbfKsIEbJQ-unsplash-kopie-226x300.jpg 226w, https:\/\/tymosia.cz\/holkazblazince\/wp-content\/uploads\/2021\/03\/marcela-rogante-ohbfKsIEbJQ-unsplash-kopie-768x1020.jpg 768w, https:\/\/tymosia.cz\/holkazblazince\/wp-content\/uploads\/2021\/03\/marcela-rogante-ohbfKsIEbJQ-unsplash-kopie-1156x1536.jpg 1156w, https:\/\/tymosia.cz\/holkazblazince\/wp-content\/uploads\/2021\/03\/marcela-rogante-ohbfKsIEbJQ-unsplash-kopie-1542x2048.jpg 1542w, https:\/\/tymosia.cz\/holkazblazince\/wp-content\/uploads\/2021\/03\/marcela-rogante-ohbfKsIEbJQ-unsplash-kopie-scaled.jpg 1927w\" sizes=\"auto, (max-width: 771px) 100vw, 771px\" \/><\/figure>\n<\/div><\/div><\/div><\/div><\/div>\n\n\n\n<div class=\"wp-block-ugb-column ugb-column ugb-51cbc3b ugb-column--design-plain ugb-main-block\"><div class=\"ugb-inner-block\"><div class=\"ugb-block-content\"><div class=\"ugb-column__item ugb-51cbc3b-column-wrapper\"><div class=\"ugb-column__content-wrapper\">\n<h4 class=\"wp-block-heading\">Nebo pou\u017eijte n\u00e1\u0161 kontaktn\u00ed formul\u00e1\u0159<\/h4>\n\n\n\n<p>Vypl\u0148te n\u00e1\u0161 kontaktn\u00ed formul\u00e1\u0159 a my se s v\u00e1mi brzy spoj\u00edme.<\/p>\n<\/div><\/div><\/div><\/div><\/div>\n<\/div><\/div><\/div><\/div>\n","protected":false},"excerpt":{"rendered":"","protected":false},"author":3,"featured_media":0,"parent":0,"menu_order":0,"comment_status":"closed","ping_status":"closed","template":"","meta":{"footnotes":""},"class_list":["post-3162","page","type-page","status-publish","hentry"],"blocksy_meta":{"page_title_panel":"","has_hero_section":"disabled","e7051b430ba01e5eec6ad0c583187860":"","hero_section":"type-1","hero_elements":[{"id":"custom_title","enabled":true,"heading_tag":"h1","title":"Home"},{"id":"custom_description","enabled":true,"description_visibility":{"desktop":true,"tablet":true,"mobile":false}},{"id":"custom_meta","enabled":false,"meta_elements":[{"id":"author","enabled":true,"label":"By","has_author_avatar":"yes","avatar_size":25},{"id":"post_date","enabled":true,"label":"On","date_format_source":"default","date_format":"M j, Y"},{"id":"comments","enabled":true}],"page_meta_elements":{"joined":true,"articles_count":true,"comments":true}},{"id":"breadcrumbs","enabled":false}],"7f5851bb794b68042bb93db2d22b8737":"","hero_alignment1":"left","hero_alignment2":"center","hero_vertical_alignment":"center","b550823cd3036ffb86c839c7926bd0eb":"","hero_structure":"narrow","fb781698d03fc8612f8616e24fab813a":"","page_title_bg_type":"featured_image","custom_hero_background":{"attachment_id":null},"parallax":{"desktop":false,"tablet":false,"mobile":false},"460bdca06e0e8f6233bb753ff609b92e":"","hero_height":"230px","pageTitleFont":{"family":"Default","variation":"Default","size":{"desktop":"32px","tablet":"30px","mobile":"25px"},"line-height":"1.3","letter-spacing":"CT_CSS_SKIP_RULE","text-transform":"CT_CSS_SKIP_RULE","text-decoration":"CT_CSS_SKIP_RULE"},"pageTitleFontColor":{"default":{"color":"CT_CSS_SKIP_RULEDEFAULT"}},"pageMetaFont":{"family":"Default","variation":"n6","size":{"desktop":"12px","tablet":"12px","mobile":"12px"},"line-height":"1.3","letter-spacing":"CT_CSS_SKIP_RULE","text-transform":"uppercase","text-decoration":"CT_CSS_SKIP_RULE"},"pageMetaFontColor":{"default":{"color":"CT_CSS_SKIP_RULEDEFAULT"},"hover":{"color":"CT_CSS_SKIP_RULEDEFAULT"}},"pageExcerptFont":{"family":"Default","variation":"n5","size":"CT_CSS_SKIP_RULE","line-height":"CT_CSS_SKIP_RULE","letter-spacing":"CT_CSS_SKIP_RULE","text-transform":"CT_CSS_SKIP_RULE","text-decoration":"CT_CSS_SKIP_RULE"},"pageExcerptColor":{"default":{"color":"CT_CSS_SKIP_RULEDEFAULT"}},"breadcrumbsFont":{"family":"Default","variation":"n6","size":"12px","line-height":"CT_CSS_SKIP_RULE","letter-spacing":"CT_CSS_SKIP_RULE","text-transform":"uppercase","text-decoration":"CT_CSS_SKIP_RULE"},"breadcrumbsFontColor":{"default":{"color":"CT_CSS_SKIP_RULEDEFAULT"},"initial":{"color":"CT_CSS_SKIP_RULEDEFAULT"},"hover":{"color":"CT_CSS_SKIP_RULEDEFAULT"}},"pageTitleOverlay":{"default":{"color":"rgba(41, 51, 60, 0.2)"}},"pageTitleBackground":{"background_type":"color","background_pattern":"type-1","background_image":{"attachment_id":null,"x":0,"y":0},"background_repeat":"no-repeat","background_size":"auto","background_attachment":"scroll","patternColor":{"default":{"color":"#e5e7ea"}},"backgroundColor":{"default":{"color":"#EDEFF2"}}},"03c0feb20c7e1efc05c317b700e50f59":"","page_structure_type":"default","content_style":"inherit","vertical_spacing_source":"custom","content_area_spacing":"bottom","background":{"background_type":"color","background_pattern":"type-1","background_image":{"attachment_id":null,"x":0,"y":0},"background_repeat":"no-repeat","background_size":"auto","background_attachment":"scroll","patternColor":{"default":{"color":"#e5e7ea"}},"backgroundColor":{"default":{"color":"CT_CSS_SKIP_RULE"}}},"content_background":{"background_type":"color","background_pattern":"type-1","background_image":{"attachment_id":null,"x":0,"y":0},"background_repeat":"no-repeat","background_size":"auto","background_attachment":"scroll","patternColor":{"default":{"color":"#e5e7ea"}},"backgroundColor":{"default":{"color":"#ffffff"}}},"content_boxed_spacing":{"desktop":"40px","tablet":"35px","mobile":"20px"},"content_boxed_radius":{"top":"3px","bottom":"3px","left":"3px","right":"3px","linked":true},"content_boxed_shadow":{"blur":18,"spread":-6,"v_offset":12,"h_offset":0,"inset":false,"enable":true,"color":{"color":"rgba(34, 56, 101, 0.04)"}},"7b34bc4a52487138bda5e8bab7c494b1":"","disable_featured_image":"no","disable_header":"no","disable_footer":"no"},"featured_image_urls":{"full":"","thumbnail":"","medium":"","medium_large":"","large":"","1536x1536":"","2048x2048":""},"post_excerpt_stackable":"<p>\u0158ekn\u011bte Ahoj!Napi\u0161te n\u00e1m. R\u00e1di si od v\u00e1s n\u011bco p\u0159e\u010dteme. Kontaktujte n\u00e1sR\u00e1di zodpov\u00edme va\u0161e ot\u00e1zky nebo si p\u0159e\u010dteme va\u0161e p\u0159\u00edb\u011bhy \u010di koment\u00e1\u0159e.Soci\u00e1ln\u00ed s\u00edt\u011bInstagram: @tymosia_official @holkazblazinceFacebook: @tymosia.official @holkazblazince&nbsp;E-mailpodpora@tymosia.czTelefon+420 720 02 02 97 Nebo pou\u017eijte n\u00e1\u0161 kontaktn\u00ed formul\u00e1\u0159 Vypl\u0148te n\u00e1\u0161 kontaktn\u00ed formul\u00e1\u0159 a my se s v\u00e1mi brzy spoj\u00edme.<\/p>\n","category_list":"","author_info":{"name":"Pascal Masar","url":"https:\/\/tymosia.cz\/holkazblazince\/author\/pascal\/"},"comments_num":"0 comments","_links":{"self":[{"href":"https:\/\/tymosia.cz\/holkazblazince\/wp-json\/wp\/v2\/pages\/3162","targetHints":{"allow":["GET"]}}],"collection":[{"href":"https:\/\/tymosia.cz\/holkazblazince\/wp-json\/wp\/v2\/pages"}],"about":[{"href":"https:\/\/tymosia.cz\/holkazblazince\/wp-json\/wp\/v2\/types\/page"}],"author":[{"embeddable":true,"href":"https:\/\/tymosia.cz\/holkazblazince\/wp-json\/wp\/v2\/users\/3"}],"replies":[{"embeddable":true,"href":"https:\/\/tymosia.cz\/holkazblazince\/wp-json\/wp\/v2\/comments?post=3162"}],"version-history":[{"count":6,"href":"https:\/\/tymosia.cz\/holkazblazince\/wp-json\/wp\/v2\/pages\/3162\/revisions"}],"predecessor-version":[{"id":3385,"href":"https:\/\/tymosia.cz\/holkazblazince\/wp-json\/wp\/v2\/pages\/3162\/revisions\/3385"}],"wp:attachment":[{"href":"https:\/\/tymosia.cz\/holkazblazince\/wp-json\/wp\/v2\/media?parent=3162"}],"curies":[{"name":"wp","href":"https:\/\/api.w.org\/{rel}","templated":true}]}}