{"id":380,"date":"2019-04-02T02:29:57","date_gmt":"2019-04-02T02:29:57","guid":{"rendered":"https:\/\/tymosia.cz\/holkazblazince\/properties\/"},"modified":"2021-03-09T23:14:03","modified_gmt":"2021-03-09T22:14:03","slug":"rubriky","status":"publish","type":"page","link":"https:\/\/tymosia.cz\/holkazblazince\/rubriky\/","title":{"rendered":"Rubriky"},"content":{"rendered":"\n<div class=\"wp-block-ugb-heading ugb-heading ugb-d42bc52 ugb-main-block\"><div class=\"ugb-inner-block\"><div class=\"ugb-block-content\"><h1 class=\"ugb-heading__title\">Rubriky<\/h1><\/div><\/div><\/div>\n\n\n\n<div class=\"wp-block-ugb-card ugb-card ugb-6caf387 ugb-card--v2 ugb-card--design-basic ugb-card--columns-2 ugb-main-block\"><style>.ugb-6caf387 .ugb-card__item1 .ugb-card__image{background-image:url(https:\/\/tymosia.cz\/holkazblazince\/wp-content\/uploads\/2021\/03\/lesly-juarez-1AhGNGKuhR0-unsplash-1024x683.jpg)}.ugb-6caf387 .ugb-card__item2 .ugb-card__image{background-image:url(https:\/\/tymosia.cz\/holkazblazince\/wp-content\/uploads\/2021\/03\/20200529_125804-01_1-902x1024.jpg)}<\/style><div class=\"ugb-inner-block\"><div class=\"ugb-block-content\"><div class=\"ugb-card__item ugb-card__item1\"><div class=\"ugb-card__image\"><\/div><div class=\"ugb-card__content\"><h4 class=\"ugb-card__title\">Tipy pro du\u0161evn\u00ed zdrav\u00ed<\/h4><p class=\"ugb-card__description\">Zjist\u011bte v\u00edce o tipech a tric\u00edch pro zlep\u0161en\u00ed sv\u00e9ho du\u0161evn\u00edho zdrav\u00ed a psychick\u00e9 pohody.<\/p><div class=\"ugb-button-container\"><a class=\"ugb-button ugb-button--size-normal\" href=\"\" rel=\"\" title=\"\"><span class=\"ugb-button--inner\">Zobrazit \u010dl\u00e1nky<\/span><\/a><\/div><\/div><\/div><div class=\"ugb-card__item ugb-card__item2\"><div class=\"ugb-card__image\"><\/div><div class=\"ugb-card__content\"><h4 class=\"ugb-card__title\">P\u0159\u00edb\u011bhy autorky<\/h4><p class=\"ugb-card__description\">P\u0159e\u010dt\u011bte si p\u0159\u00edb\u011bhy ze \u017eivota autorky blogu<\/p><div class=\"ugb-button-container\"><a class=\"ugb-button ugb-button--size-normal\" href=\"\" rel=\"\" title=\"\"><span class=\"ugb-button--inner\">Zobrazit \u010dl\u00e1nky<\/span><\/a><\/div><\/div><\/div><\/div><\/div><\/div>\n\n\n\n<div class=\"wp-block-ugb-card ugb-card ugb-964a2b7 ugb-card--v2 ugb-card--design-basic ugb-card--columns-2 ugb-main-block\"><style>.ugb-964a2b7 .ugb-card__item1 .ugb-card__image{background-image:url(https:\/\/tymosia.cz\/holkazblazince\/wp-content\/uploads\/2021\/03\/mark-williams-5hvWQ5Xuji4-unsplash-684x1024.jpg)}.ugb-964a2b7 .ugb-card__item2 .ugb-card__image{background-image:url(https:\/\/tymosia.cz\/holkazblazince\/wp-content\/uploads\/2021\/03\/florian-klauer-mk7D-4UCfmg-unsplash.jpg)}<\/style><div class=\"ugb-inner-block\"><div class=\"ugb-block-content\"><div class=\"ugb-card__item ugb-card__item1\"><div class=\"ugb-card__image\"><\/div><div class=\"ugb-card__content\"><h4 class=\"ugb-card__title\">Od na\u0161ich terapeut\u016f<\/h4><p class=\"ugb-card__description\">Objevte tipy a triky na\u0161ich terapeut\u016f, kter\u00e9 v\u00e1m pomohou nejen v psychick\u00e9 nepohod\u011b.<\/p><div class=\"ugb-button-container\"><a class=\"ugb-button ugb-button--size-normal\" href=\"\" rel=\"\" title=\"\"><span class=\"ugb-button--inner\">Zobrazit \u010dl\u00e1nky<\/span><\/a><\/div><\/div><\/div><div class=\"ugb-card__item ugb-card__item2\"><div class=\"ugb-card__image\"><\/div><div class=\"ugb-card__content\"><h4 class=\"ugb-card__title\">Va\u0161e p\u0159\u00edb\u011bhy<\/h4><p class=\"ugb-card__description\">Inspirujte se p\u0159\u00edb\u011bhy \u010dten\u00e1\u0159\u016f na\u0161eho blogu <\/p><div class=\"ugb-button-container\"><a class=\"ugb-button ugb-button--size-normal\" href=\"\" rel=\"\" title=\"\"><span class=\"ugb-button--inner\">Zobrazit \u010dl\u00e1nky<\/span><\/a><\/div><\/div><\/div><\/div><\/div><\/div>\n\n\n\n<div class=\"aligncenter wp-block-ugb-container ugb-container ugb-29535e1 ugb-container--v2 ugb-container--design-plain ugb-main-block\"><style>@media screen and (min-width:768px){.ugb-29535e1 > .ugb-inner-block > .ugb-block-content > *{padding-top:0px !important;padding-bottom:0px !important;padding-right:0px !important;padding-left:0px !important}}<\/style><div class=\"ugb-inner-block\"><div class=\"ugb-block-content\"><div class=\"ugb-container__wrapper ugb-29535e1-wrapper\"><div class=\"ugb-container__side\"><div class=\"ugb-container__content-wrapper ugb-29535e1-content-wrapper\"><ul class=\"wp-block-categories-list wp-block-categories\">\t<li class=\"cat-item cat-item-9\"><a href=\"https:\/\/tymosia.cz\/holkazblazince\/category\/dusevni-zdravi\/\">Du\u0161evn\u00ed zdrav\u00ed<\/a>\n<\/li>\n\t<li class=\"cat-item cat-item-1\"><a href=\"https:\/\/tymosia.cz\/holkazblazince\/category\/nezarazene\/\">Neza\u0159azen\u00e9<\/a>\n<\/li>\n\t<li class=\"cat-item cat-item-10\"><a href=\"https:\/\/tymosia.cz\/holkazblazince\/category\/pribehy-autorky\/\">P\u0159\u00edb\u011bhy autorky<\/a>\n<\/li>\n<\/ul><\/div><\/div><\/div><\/div><\/div><\/div>\n","protected":false},"excerpt":{"rendered":"","protected":false},"author":3,"featured_media":0,"parent":0,"menu_order":0,"comment_status":"closed","ping_status":"closed","template":"","meta":{"footnotes":""},"class_list":["post-380","page","type-page","status-publish","hentry"],"blocksy_meta":"","featured_image_urls":{"full":"","thumbnail":"","medium":"","medium_large":"","large":"","1536x1536":"","2048x2048":""},"post_excerpt_stackable":"<p>Rubriky Tipy pro du\u0161evn\u00ed zdrav\u00edZjist\u011bte v\u00edce o tipech a tric\u00edch pro zlep\u0161en\u00ed sv\u00e9ho du\u0161evn\u00edho zdrav\u00ed a psychick\u00e9 pohody.Zobrazit \u010dl\u00e1nkyP\u0159\u00edb\u011bhy autorkyP\u0159e\u010dt\u011bte si p\u0159\u00edb\u011bhy ze \u017eivota autorky bloguZobrazit \u010dl\u00e1nky Od na\u0161ich terapeut\u016fObjevte tipy a triky na\u0161ich terapeut\u016f, kter\u00e9 v\u00e1m pomohou nejen v psychick\u00e9 nepohod\u011b.Zobrazit \u010dl\u00e1nkyVa\u0161e p\u0159\u00edb\u011bhyInspirujte se p\u0159\u00edb\u011bhy \u010dten\u00e1\u0159\u016f na\u0161eho blogu Zobrazit \u010dl\u00e1nky Du\u0161evn\u00ed zdrav\u00ed Neza\u0159azen\u00e9 P\u0159\u00edb\u011bhy autorky<\/p>\n","category_list":"","author_info":{"name":"Pascal Masar","url":"https:\/\/tymosia.cz\/holkazblazince\/author\/pascal\/"},"comments_num":"0 comments","_links":{"self":[{"href":"https:\/\/tymosia.cz\/holkazblazince\/wp-json\/wp\/v2\/pages\/380","targetHints":{"allow":["GET"]}}],"collection":[{"href":"https:\/\/tymosia.cz\/holkazblazince\/wp-json\/wp\/v2\/pages"}],"about":[{"href":"https:\/\/tymosia.cz\/holkazblazince\/wp-json\/wp\/v2\/types\/page"}],"author":[{"embeddable":true,"href":"https:\/\/tymosia.cz\/holkazblazince\/wp-json\/wp\/v2\/users\/3"}],"replies":[{"embeddable":true,"href":"https:\/\/tymosia.cz\/holkazblazince\/wp-json\/wp\/v2\/comments?post=380"}],"version-history":[{"count":11,"href":"https:\/\/tymosia.cz\/holkazblazince\/wp-json\/wp\/v2\/pages\/380\/revisions"}],"predecessor-version":[{"id":3307,"href":"https:\/\/tymosia.cz\/holkazblazince\/wp-json\/wp\/v2\/pages\/380\/revisions\/3307"}],"wp:attachment":[{"href":"https:\/\/tymosia.cz\/holkazblazince\/wp-json\/wp\/v2\/media?parent=380"}],"curies":[{"name":"wp","href":"https:\/\/api.w.org\/{rel}","templated":true}]}}